{"id":384,"date":"2022-06-30T17:45:06","date_gmt":"2022-06-30T15:45:06","guid":{"rendered":"https:\/\/andaluciab1.grupopiquer.com\/andalucia\/?page_id=384"},"modified":"2022-07-01T17:16:36","modified_gmt":"2022-07-01T15:16:36","slug":"politica-de-privacidad","status":"publish","type":"page","link":"https:\/\/andaluciab1.grupopiquer.com\/andalucia\/?page_id=384","title":{"rendered":"Pol\u00edtica de privacidad"},"content":{"rendered":"\t\t<div data-elementor-type=\"wp-page\" data-elementor-id=\"384\" class=\"elementor elementor-384\">\n\t\t\t\t\t\t<section class=\"elementor-section elementor-top-section elementor-element elementor-element-210136f elementor-section-boxed elementor-section-height-default elementor-section-height-default\" data-id=\"210136f\" data-element_type=\"section\" data-e-type=\"section\">\n\t\t\t\t\t\t<div class=\"elementor-container elementor-column-gap-default\">\n\t\t\t\t\t<div class=\"elementor-column elementor-col-100 elementor-top-column elementor-element elementor-element-ac8ca4d\" data-id=\"ac8ca4d\" data-element_type=\"column\" data-e-type=\"column\">\n\t\t\t<div class=\"elementor-widget-wrap elementor-element-populated\">\n\t\t\t\t\t\t<div class=\"elementor-element elementor-element-96f9923 elementor-widget elementor-widget-heading\" data-id=\"96f9923\" data-element_type=\"widget\" data-e-type=\"widget\" data-widget_type=\"heading.default\">\n\t\t\t\t<div class=\"elementor-widget-container\">\n\t\t\t\t\t<h2 class=\"elementor-heading-title elementor-size-default\">Pol\u00edtica de Privacidad<\/h2>\t\t\t\t<\/div>\n\t\t\t\t<\/div>\n\t\t\t\t\t<\/div>\n\t\t<\/div>\n\t\t\t\t\t<\/div>\n\t\t<\/section>\n\t\t\t\t<section class=\"elementor-section elementor-top-section elementor-element elementor-element-c45bcdb elementor-section-boxed elementor-section-height-default elementor-section-height-default\" data-id=\"c45bcdb\" data-element_type=\"section\" data-e-type=\"section\">\n\t\t\t\t\t\t<div class=\"elementor-container elementor-column-gap-default\">\n\t\t\t\t\t<div class=\"elementor-column elementor-col-100 elementor-top-column elementor-element elementor-element-0f39d60\" data-id=\"0f39d60\" data-element_type=\"column\" data-e-type=\"column\">\n\t\t\t<div class=\"elementor-widget-wrap elementor-element-populated\">\n\t\t\t\t\t\t<div class=\"elementor-element elementor-element-95c1995 elementor-widget elementor-widget-text-editor\" data-id=\"95c1995\" data-element_type=\"widget\" data-e-type=\"widget\" data-widget_type=\"text-editor.default\">\n\t\t\t\t<div class=\"elementor-widget-container\">\n\t\t\t\t\t\t\t\t\t<p><strong>POL\u00cdTICA DE PRIVACIDAD<\/strong><\/p><p><strong>\u00abUTE FORMACION PARA EL DESAROLLO E INSERCI\u00d3N, S.L. &#8211; ESTUDIOS ZARAGOZA, S.L\u00bb<\/strong> en cumplimiento de lo establecido en el Reglamento General de Protecci\u00f3n de datos (RGPD 2016\/679), informa a los usuarios de la p\u00e1gina web inglesenandalucia.es<\/p><p><strong>\u00bfQui\u00e9n es el responsable del tratamiento de sus datos?<\/strong><\/p><p>Los datos que nos faciliten el usuario a trav\u00e9s de los formularios de esta p\u00e1gina web se incorporar\u00e1n a tratamientos cuyo responsable es <strong>UTE FORMACION PARA EL DESAROLLO E INSERCI\u00d3N, S.L. &#8211; ESTUDIOS ZARAGOZA, S.L<\/strong>, que se encuentra formado por los corresponsables de tratamiento enumerados a continuaci\u00f3n,<\/p><ul><li><strong>ESTUDIOS ZARAGOZA, S.L.<\/strong>, con CIF B50323120.<\/li><li><strong>FORMACI\u00d3N PARA EL DESARROLLO Y LA INSERCI\u00d3N S.L <\/strong>con CIF B13552351<\/li><\/ul><p>Pudiendo contactar a trav\u00e9s del tel\u00e9fono 976353086 o a trav\u00e9s del correo electr\u00f3nico <a href=\"mailto:dpoute@grupopiquer.com\">dpoute@grupopiquer.com<\/a><\/p><p><strong>\u00bfCon que finalidad recogemos sus datos?<\/strong><\/p><p>En esta p\u00e1gina web se recogen datos de car\u00e1cter personal a trav\u00e9s de diferentes formularios. Los datos solicitados en cada formulario son los necesarios para la finalidad por la cual se recogen. La finalidad de tratamiento son los siguientes:<\/p><ul><li><strong>FORMULARIOS DE CONTACTO: <\/strong>La finalidad de recogida de datos en estos formularios es poder contestar las consultas planteadas y enviar al usuario la informaci\u00f3n solicitada a trav\u00e9s del correo electr\u00f3nico o tel\u00e9fono indicados en los formularios.<\/li><li><strong>CORREO ELECTR\u00d3NICO:<\/strong>\u00a0Si el usuario se pone en contacto a trav\u00e9s del correo electr\u00f3nico publicado en esta p\u00e1gina web, sus datos ser\u00e1n tratados para contestar las consultas planteadas y poderle enviar la informaci\u00f3n solicitada a trav\u00e9s del correo electr\u00f3nico a trav\u00e9s del cual se recibe la consulta.<\/li><\/ul><p><strong>\u00bfCu\u00e1nto guardamos sus datos?<\/strong><\/p><p>Los datos facilitados por el usuario ser\u00e1n conservados hasta que el usuario no solicite su supresi\u00f3n.<\/p><p><strong>\u00bfRealizamos perfiles con sus datos?<\/strong><\/p><p>Con los datos introducidos por el usuario no se tomar\u00e1n decisiones automatizadas ni se realizar\u00e1n perfiles.<\/p><p><strong>\u00bfQu\u00e9 legitima el tratamiento de sus datos?<\/strong><\/p><p>El tratamiento de datos est\u00e1 legitimado en el consentimiento prestado por el usuario al aceptar nuestra pol\u00edtica de privacidad o al enviarnos un correo electr\u00f3nico a trav\u00e9s del correo publicado en la web.<\/p><p>El usuario deber\u00e1 cumplimentar los campos marcados con * para poder enviar los formularios cumplimentados, si no se cumplimentan los campos indicados el usuario no podr\u00e1 enviarlos.<\/p><p><strong>\u00bfA qui\u00e9n cedemos sus datos?<\/strong><\/p><p>Sus datos no ser\u00e1n cedidos a terceros salvo que exista obligaci\u00f3n legal.<\/p><p><strong>\u00bfQu\u00e9 terceros prestan servicios en esta web?<\/strong><\/p><p>Para el desarrollo de esta p\u00e1gina web se utilizan los siguientes proveedores de servicios:<\/p><p>Hosting: Los servidores donde est\u00e1 alojada nuestra p\u00e1gina web est\u00e1n ubicados en la UE. Utiliza protocolo TLS 1.2 con lo que la comunicaci\u00f3n de datos se hace a trav\u00e9s de canal cifrado.<\/p><p><strong>\u00bfQu\u00e9 derechos tiene y como ejercerlos?<\/strong><\/p><p>El usuario tiene derecho a:<\/p><ul><li>Acceder a sus datos personales,<\/li><li>Solicitar la rectificaci\u00f3n de los datos personales que sean inexactos.<\/li><li>Solicitar su supresi\u00f3n cuando, entre otros motivos, ya no sean necesarios para los fines que fueron recogidos.<\/li><li>Solicitar la limitaci\u00f3n de su tratamiento, en cuyo caso \u00fanicamente se conservar\u00e1n para el ejercicio o la defensa de reclamaciones.<\/li><li>Pedir la portabilidad de sus datos.<\/li><li>Por motivos relacionados con su situaci\u00f3n particular, podr\u00e1 oponerse al tratamiento de los mismos y <strong>UTE FORMACION PARA EL DESAROLLO E INSERCI\u00d3N, S.L. &#8211; ESTUDIOS ZARAGOZA, S.L<\/strong> dejar\u00e1 de tratarlos, salvo por motivos leg\u00edtimos imperiosos, o el ejercicio o la defensa de posibles reclamaciones.<\/li><li>El usuario podr\u00e1 revocar los consentimientos prestados en cualquier momento.<\/li><\/ul><p>El usuario podr\u00e1 ejercitar sus derechos a trav\u00e9s de correo electr\u00f3nico adjuntando fotocopia del DNI e indicando el derecho que ejercita y la empresa del grupo ante la que desea ejercerlo.<\/p><p>El usuario tambi\u00e9n podr\u00e1 presentar una reclamaci\u00f3n ante la Agencia Espa\u00f1ola de Protecci\u00f3n de Datos.<\/p><p>La <strong>UTE Defoin EZSL<\/strong> tiene implantadas todas las medidas de seguridad, a fin de garantizar la confidencialidad en el almacenamiento y tratamiento de los datos personales, as\u00ed como evitar accesos por parte de terceros no autorizados.<\/p><p><strong>\u00bfC\u00f3mo funcionan nuestras redes sociales?<\/strong><\/p><p>A trav\u00e9s de nuestras redes sociales puedes compartir nuestros contenidos o dejarnos tus comentarios, fotos o v\u00eddeos, siempre que sean del inter\u00e9s para toda la comunidad.<\/p><p>Nuestras redes sociales est\u00e1n constantemente supervisadas con el fin de atender vuestras preguntas y comentarios en el menor tiempo posible.<\/p><p>Queremos que sea un espacio del que todos disfrutemos, por lo que es importante que entre todos respetemos unas normas de convivencia:<\/p><ol><li>T\u00fa eres el responsable de los contenidos que publiques, no caigas en la violaci\u00f3n de cualquier derecho, ley o reglamento.<\/li><li>Cuida la redacci\u00f3n y el tono, evita publicar cualquier informaci\u00f3n abusiva, difamatoria u obscena.<\/li><li>Respeta el derecho a la privacidad, no hagas comentarios il\u00edcitos, ofensivos o discriminatorios sobre terceros.<\/li><li>Evita comentarios fraudulentos, enga\u00f1osos o que puedan inducir al error.<\/li><li>No permitimos el spam, ni los mensajes comerciales o publicitarios, no queremos mensajes repetitivos.<\/li><li>No mantendremos conversaciones con perfiles que podamos considerar como falsos.<\/li><\/ol><p>Por favor, ten en cuenta que el contenido publicado por los seguidores en nuestras p\u00e1ginas no necesariamente refleja el punto de vista de nuestra empresa.<\/p><p>Si tus comentarios no cumplen las \u201cNormas de la casa\u201d, podr\u00e1n ser eliminados, ocultados o bloqueados. Cualquiera que publique contenidos no permitidos ser\u00e1 bloqueado de la comunidad.<\/p><p>Nos reservamos el derecho a modificar estas normas en cualquier momento y sin previo aviso.<\/p>\t\t\t\t\t\t\t\t<\/div>\n\t\t\t\t<\/div>\n\t\t\t\t\t<\/div>\n\t\t<\/div>\n\t\t\t\t\t<\/div>\n\t\t<\/section>\n\t\t\t\t<section class=\"elementor-section elementor-top-section elementor-element elementor-element-87ed76c elementor-section-boxed elementor-section-height-default elementor-section-height-default\" data-id=\"87ed76c\" data-element_type=\"section\" data-e-type=\"section\">\n\t\t\t\t\t\t<div class=\"elementor-container elementor-column-gap-default\">\n\t\t\t\t\t<div class=\"elementor-column elementor-col-100 elementor-top-column elementor-element elementor-element-8ffa46c\" data-id=\"8ffa46c\" data-element_type=\"column\" data-e-type=\"column\">\n\t\t\t<div class=\"elementor-widget-wrap elementor-element-populated\">\n\t\t\t\t\t\t<div class=\"elementor-element elementor-element-c742dcb elementor-widget elementor-widget-image\" data-id=\"c742dcb\" data-element_type=\"widget\" data-e-type=\"widget\" data-widget_type=\"image.default\">\n\t\t\t\t<div class=\"elementor-widget-container\">\n\t\t\t\t\t\t\t\t\t\t\t\t\t\t\t<img decoding=\"async\" width=\"580\" height=\"37\" src=\"https:\/\/andaluciab1.grupopiquer.com\/andalucia\/wp-content\/uploads\/2022\/06\/Logos_santillana-1024x65.png\" class=\"attachment-large size-large wp-image-144\" alt=\"Logos_santillana\" srcset=\"https:\/\/andaluciab1.grupopiquer.com\/andalucia\/wp-content\/uploads\/2022\/06\/Logos_santillana-1024x65.png 1024w, https:\/\/andaluciab1.grupopiquer.com\/andalucia\/wp-content\/uploads\/2022\/06\/Logos_santillana-300x19.png 300w, https:\/\/andaluciab1.grupopiquer.com\/andalucia\/wp-content\/uploads\/2022\/06\/Logos_santillana-768x48.png 768w, https:\/\/andaluciab1.grupopiquer.com\/andalucia\/wp-content\/uploads\/2022\/06\/Logos_santillana-1536x97.png 1536w, https:\/\/andaluciab1.grupopiquer.com\/andalucia\/wp-content\/uploads\/2022\/06\/Logos_santillana-2048x129.png 2048w, https:\/\/andaluciab1.grupopiquer.com\/andalucia\/wp-content\/uploads\/2022\/06\/Logos_santillana-1200x76.png 1200w, https:\/\/andaluciab1.grupopiquer.com\/andalucia\/wp-content\/uploads\/2022\/06\/Logos_santillana-1980x125.png 1980w\" sizes=\"(max-width: 580px) 100vw, 580px\" \/>\t\t\t\t\t\t\t\t\t\t\t\t\t\t\t<\/div>\n\t\t\t\t<\/div>\n\t\t\t\t\t<\/div>\n\t\t<\/div>\n\t\t\t\t\t<\/div>\n\t\t<\/section>\n\t\t\t\t<\/div>\n\t\t","protected":false},"excerpt":{"rendered":"<p>Pol\u00edtica de Privacidad POL\u00cdTICA DE PRIVACIDAD \u00abUTE FORMACION PARA EL DESAROLLO E INSERCI\u00d3N, S.L. &#8211; ESTUDIOS ZARAGOZA, S.L\u00bb en cumplimiento de lo establecido en el Reglamento General de Protecci\u00f3n de datos (RGPD 2016\/679), informa a los usuarios de la p\u00e1gina web inglesenandalucia.es \u00bfQui\u00e9n es el responsable del tratamiento de sus datos? Los datos que nos [&hellip;]<\/p>\n","protected":false},"author":1,"featured_media":0,"parent":0,"menu_order":0,"comment_status":"closed","ping_status":"closed","template":"elementor_header_footer","meta":{"footnotes":""},"class_list":["post-384","page","type-page","status-publish","hentry"],"_links":{"self":[{"href":"https:\/\/andaluciab1.grupopiquer.com\/andalucia\/index.php?rest_route=\/wp\/v2\/pages\/384","targetHints":{"allow":["GET"]}}],"collection":[{"href":"https:\/\/andaluciab1.grupopiquer.com\/andalucia\/index.php?rest_route=\/wp\/v2\/pages"}],"about":[{"href":"https:\/\/andaluciab1.grupopiquer.com\/andalucia\/index.php?rest_route=\/wp\/v2\/types\/page"}],"author":[{"embeddable":true,"href":"https:\/\/andaluciab1.grupopiquer.com\/andalucia\/index.php?rest_route=\/wp\/v2\/users\/1"}],"replies":[{"embeddable":true,"href":"https:\/\/andaluciab1.grupopiquer.com\/andalucia\/index.php?rest_route=%2Fwp%2Fv2%2Fcomments&post=384"}],"version-history":[{"count":10,"href":"https:\/\/andaluciab1.grupopiquer.com\/andalucia\/index.php?rest_route=\/wp\/v2\/pages\/384\/revisions"}],"predecessor-version":[{"id":451,"href":"https:\/\/andaluciab1.grupopiquer.com\/andalucia\/index.php?rest_route=\/wp\/v2\/pages\/384\/revisions\/451"}],"wp:attachment":[{"href":"https:\/\/andaluciab1.grupopiquer.com\/andalucia\/index.php?rest_route=%2Fwp%2Fv2%2Fmedia&parent=384"}],"curies":[{"name":"wp","href":"https:\/\/api.w.org\/{rel}","templated":true}]}}