{"id":394,"date":"2022-06-30T17:54:45","date_gmt":"2022-06-30T15:54:45","guid":{"rendered":"https:\/\/andaluciab1.grupopiquer.com\/andalucia\/?page_id=394"},"modified":"2022-07-01T17:10:33","modified_gmt":"2022-07-01T15:10:33","slug":"aviso-legal-plataforma","status":"publish","type":"page","link":"https:\/\/andaluciab1.grupopiquer.com\/andalucia\/?page_id=394","title":{"rendered":"Aviso Legal Plataforma"},"content":{"rendered":"\t\t<div data-elementor-type=\"wp-page\" data-elementor-id=\"394\" class=\"elementor elementor-394\">\n\t\t\t\t\t\t<section class=\"elementor-section elementor-top-section elementor-element elementor-element-53196b3 elementor-section-boxed elementor-section-height-default elementor-section-height-default\" data-id=\"53196b3\" data-element_type=\"section\" data-e-type=\"section\">\n\t\t\t\t\t\t<div class=\"elementor-container elementor-column-gap-default\">\n\t\t\t\t\t<div class=\"elementor-column elementor-col-100 elementor-top-column elementor-element elementor-element-2c06076\" data-id=\"2c06076\" data-element_type=\"column\" data-e-type=\"column\">\n\t\t\t<div class=\"elementor-widget-wrap elementor-element-populated\">\n\t\t\t\t\t\t<div class=\"elementor-element elementor-element-307607f elementor-widget elementor-widget-heading\" data-id=\"307607f\" data-element_type=\"widget\" data-e-type=\"widget\" data-widget_type=\"heading.default\">\n\t\t\t\t<div class=\"elementor-widget-container\">\n\t\t\t\t\t<h2 class=\"elementor-heading-title elementor-size-default\">Aviso Legal de la Plataforma<\/h2>\t\t\t\t<\/div>\n\t\t\t\t<\/div>\n\t\t\t\t\t<\/div>\n\t\t<\/div>\n\t\t\t\t\t<\/div>\n\t\t<\/section>\n\t\t\t\t<section class=\"elementor-section elementor-top-section elementor-element elementor-element-b1e59ac elementor-section-boxed elementor-section-height-default elementor-section-height-default\" data-id=\"b1e59ac\" data-element_type=\"section\" data-e-type=\"section\">\n\t\t\t\t\t\t<div class=\"elementor-container elementor-column-gap-default\">\n\t\t\t\t\t<div class=\"elementor-column elementor-col-100 elementor-top-column elementor-element elementor-element-d9f70ab\" data-id=\"d9f70ab\" data-element_type=\"column\" data-e-type=\"column\">\n\t\t\t<div class=\"elementor-widget-wrap elementor-element-populated\">\n\t\t\t\t\t\t<div class=\"elementor-element elementor-element-9fe5652 elementor-widget elementor-widget-text-editor\" data-id=\"9fe5652\" data-element_type=\"widget\" data-e-type=\"widget\" data-widget_type=\"text-editor.default\">\n\t\t\t\t<div class=\"elementor-widget-container\">\n\t\t\t\t\t\t\t\t\t<p>La <strong>\u00abUTE FORMACION PARA EL DESAROLLO E INSERCI\u00d3N, S.L. &#8211; ESTUDIOS ZARAGOZA, S.L\u00bb<\/strong>, en cumplimiento de la Ley 34\/2002, de 11 de julio, de servicios de la sociedad de la informaci\u00f3n y de comercio electr\u00f3nico, le informa de que:\u00a0\u00a0<\/p><ul><li>Su denominaci\u00f3n social es <strong>UTE FORMACION PARA EL DESAROLLO E INSERCI\u00d3N, S.L. &#8211; ESTUDIOS ZARAGOZA, S.L<\/strong> y su CIF <strong>U10512762<\/strong><\/li><\/ul><p>Todos los derechos reservados.\u00a0<\/p><p>1. \u202fLos derechos de propiedad intelectual de la web <a href=\"https:\/\/andaluciab1.grupopiquer.com\">andaluciab1.grupopiquer.com<\/a>, su c\u00f3digo fuente, dise\u00f1o, estructura de navegaci\u00f3n, bases de datos y los distintos elementos en \u00e9l contenidos son titularidad de la <strong>UTE<\/strong> y\/o de la <strong>JUNTA DE ANDALUC\u00cdA<\/strong>, a quien corresponde el ejercicio exclusivo de los derechos de explotaci\u00f3n de los mismos en cualquier forma y, en especial, los derechos de reproducci\u00f3n, distribuci\u00f3n, comunicaci\u00f3n p\u00fablica y transformaci\u00f3n.<\/p><p>2. \u202fEstas condiciones generales regulan el acceso y utilizaci\u00f3n del sitio <a href=\"https:\/\/andaluciab1.grupopiquer.com\">andaluciab1.grupopiquer.com<\/a>\u00a0que la <strong>UTE<\/strong> y\/o la <strong>JUNTA DE ANDALUC\u00cdA<\/strong> \u00a0pone gratuitamente a disposici\u00f3n de los usuarios de Internet. El acceso al mismo implica su aceptaci\u00f3n sin reservas. La utilizaci\u00f3n de determinados servicios ofrecidos en este sitio se regir\u00e1 adem\u00e1s por las condiciones particulares previstas en cada caso, las cuales se entender\u00e1n aceptadas por el mero uso de tales servicios.<\/p><p>3. \u202fSe autoriza la visualizaci\u00f3n, impresi\u00f3n y descarga parcial del contenido de la web s\u00f3lo y exclusivamente si concurren las siguientes condiciones:<\/p><ul><li>Que sea compatible con los fines de la web\u00a0 <a href=\"https:\/\/andaluciab1.grupopiquer.com\">andaluciab1.grupopiquer.com<\/a><\/li><li>Que se realice con el exclusivo \u00e1nimo de obtener la informaci\u00f3n contenida para uso personal y privado. Se proh\u00edbe expresamente su utilizaci\u00f3n con fines comerciales o para su distribuci\u00f3n, comunicaci\u00f3n p\u00fablica, transformaci\u00f3n o descompilaci\u00f3n.\u00a0<\/li><li>Que ninguno de los contenidos relacionados en esta web sean modificados de manera alguna.\u00a0<\/li><li>Que ning\u00fan gr\u00e1fico, icono o imagen disponible en esta web sea utilizado, copiado o distribuido separadamente del texto o resto de im\u00e1genes que lo acompa\u00f1an.\u00a0<\/li><\/ul><p>4. \u202fLa<strong>\u00a0UTE<\/strong> se reserva la facultad de efectuar, en cualquier momento y sin necesidad de previo aviso, modificaciones y actualizaciones de la informaci\u00f3n contenida en su web, de la configuraci\u00f3n y presentaci\u00f3n de \u00e9ste y de las condiciones de acceso.\u00a0<\/p><p>5.\u202f La<strong>\u00a0UTE<\/strong> no garantiza la inexistencia de interrupciones o errores en el acceso al web, en su contenido, ni que \u00e9ste se encuentre actualizado, aunque desarrollar\u00e1 sus mejores esfuerzos para, en su caso, evitarlos, subsanarlos o actualizarlos.<\/p><p>6.\u202f Tanto el acceso a este web como el uso que pueda hacerse de la informaci\u00f3n contenida en el mismo es de la exclusiva responsabilidad de quien lo realiza. La<strong>\u00a0UTE<\/strong> no responder\u00e1 de ninguna consecuencia, da\u00f1o o perjuicio que pudieran derivarse de dicho acceso o uso de la informaci\u00f3n. La<strong>\u00a0UTE<\/strong> no se hace responsable de los posibles errores de seguridad que se puedan producir ni de los posibles da\u00f1os que puedan causarse al sistema inform\u00e1tico del usuario (hardware y software), los ficheros o documentos almacenados en el mismo, como consecuencia de la presencia de virus en el ordenador del usuario utilizado para la conexi\u00f3n a los servicios y contenidos de la web, de un mal funcionamiento del navegador o del uso de versiones no actualizadas del mismo.\u00a0<\/p><p>7. \u202fLa<strong>\u00a0UTE<\/strong> no asume responsabilidad alguna derivada de la concesi\u00f3n o contenidos de los enlaces de terceros a los que se hace referencia en la web, ni garantiza la ausencia de virus u otros elementos en los mismos que puedan producir alteraciones en el sistema inform\u00e1tico (hardware y software), los documentos o los ficheros del usuario, excluyendo cualquier responsabilidad por los da\u00f1os de cualquier clase causados al usuario por este motivo.\u00a0<\/p><p>8.\u202f La<strong>\u00a0UTE<\/strong> y\/o la <strong>JUNTA DE ANDALUC\u00cdA<\/strong> es titular de los derechos de propiedad industrial referidos a sus productos y servicios. Respecto a las citas de productos y servicios de terceros, La<strong>\u00a0UTE<\/strong> reconoce a favor de sus titulares los correspondientes derechos de propiedad industrial e intelectual, no implicando su sola menci\u00f3n o aparici\u00f3n en la web la existencia de derechos o responsabilidad alguna de La<strong> UTE<\/strong> sobre los mismos, como tampoco respaldo, patrocinio, recomendaci\u00f3n por parte de La<strong>\u00a0UTE<\/strong>.<\/p><p>9. \u202fLa utilizaci\u00f3n no autorizada de la informaci\u00f3n contenida en esta web, su reventa, as\u00ed como la lesi\u00f3n de los derechos de Propiedad Intelectual o Industrial de La<strong> UTE<\/strong> y\/o la <strong>JUNTA DE ANDALUC\u00cdA<\/strong> dar\u00e1 lugar a las responsabilidades legalmente establecidas.<\/p><p>10.\u202f Todo enlace de terceros a esta web debe serlo a su p\u00e1gina principal o de entrada.\u00a0<\/p><p>11. \u202fLa<strong>\u00a0UTE<\/strong> y el usuario, con renuncia expresa a cualquier otro fuero, se someten, con renuncia expresa a cualquier otro fuero, a los juzgados y tribunales de la ciudad de Madrid (Espa\u00f1a).\u00a0<\/p>\t\t\t\t\t\t\t\t<\/div>\n\t\t\t\t<\/div>\n\t\t\t\t\t<\/div>\n\t\t<\/div>\n\t\t\t\t\t<\/div>\n\t\t<\/section>\n\t\t\t\t<section class=\"elementor-section elementor-top-section elementor-element elementor-element-879b1d9 elementor-section-boxed elementor-section-height-default elementor-section-height-default\" data-id=\"879b1d9\" data-element_type=\"section\" data-e-type=\"section\">\n\t\t\t\t\t\t<div class=\"elementor-container elementor-column-gap-default\">\n\t\t\t\t\t<div class=\"elementor-column elementor-col-100 elementor-top-column elementor-element elementor-element-cef68ba\" data-id=\"cef68ba\" data-element_type=\"column\" data-e-type=\"column\">\n\t\t\t<div class=\"elementor-widget-wrap elementor-element-populated\">\n\t\t\t\t\t\t<div class=\"elementor-element elementor-element-ab1716e elementor-widget elementor-widget-image\" data-id=\"ab1716e\" data-element_type=\"widget\" data-e-type=\"widget\" data-widget_type=\"image.default\">\n\t\t\t\t<div class=\"elementor-widget-container\">\n\t\t\t\t\t\t\t\t\t\t\t\t\t\t\t<img decoding=\"async\" width=\"580\" height=\"37\" src=\"https:\/\/andaluciab1.grupopiquer.com\/andalucia\/wp-content\/uploads\/2022\/06\/Logos_santillana-1024x65.png\" class=\"attachment-large size-large wp-image-144\" alt=\"Logos_santillana\" srcset=\"https:\/\/andaluciab1.grupopiquer.com\/andalucia\/wp-content\/uploads\/2022\/06\/Logos_santillana-1024x65.png 1024w, https:\/\/andaluciab1.grupopiquer.com\/andalucia\/wp-content\/uploads\/2022\/06\/Logos_santillana-300x19.png 300w, https:\/\/andaluciab1.grupopiquer.com\/andalucia\/wp-content\/uploads\/2022\/06\/Logos_santillana-768x48.png 768w, https:\/\/andaluciab1.grupopiquer.com\/andalucia\/wp-content\/uploads\/2022\/06\/Logos_santillana-1536x97.png 1536w, https:\/\/andaluciab1.grupopiquer.com\/andalucia\/wp-content\/uploads\/2022\/06\/Logos_santillana-2048x129.png 2048w, https:\/\/andaluciab1.grupopiquer.com\/andalucia\/wp-content\/uploads\/2022\/06\/Logos_santillana-1200x76.png 1200w, https:\/\/andaluciab1.grupopiquer.com\/andalucia\/wp-content\/uploads\/2022\/06\/Logos_santillana-1980x125.png 1980w\" sizes=\"(max-width: 580px) 100vw, 580px\" \/>\t\t\t\t\t\t\t\t\t\t\t\t\t\t\t<\/div>\n\t\t\t\t<\/div>\n\t\t\t\t\t<\/div>\n\t\t<\/div>\n\t\t\t\t\t<\/div>\n\t\t<\/section>\n\t\t\t\t<\/div>\n\t\t","protected":false},"excerpt":{"rendered":"<p>Aviso Legal de la Plataforma La \u00abUTE FORMACION PARA EL DESAROLLO E INSERCI\u00d3N, S.L. &#8211; ESTUDIOS ZARAGOZA, S.L\u00bb, en cumplimiento de la Ley 34\/2002, de 11 de julio, de servicios de la sociedad de la informaci\u00f3n y de comercio electr\u00f3nico, le informa de que:\u00a0\u00a0 Su denominaci\u00f3n social es UTE FORMACION PARA EL DESAROLLO E INSERCI\u00d3N, [&hellip;]<\/p>\n","protected":false},"author":1,"featured_media":0,"parent":0,"menu_order":0,"comment_status":"closed","ping_status":"closed","template":"elementor_header_footer","meta":{"footnotes":""},"class_list":["post-394","page","type-page","status-publish","hentry"],"_links":{"self":[{"href":"https:\/\/andaluciab1.grupopiquer.com\/andalucia\/index.php?rest_route=\/wp\/v2\/pages\/394","targetHints":{"allow":["GET"]}}],"collection":[{"href":"https:\/\/andaluciab1.grupopiquer.com\/andalucia\/index.php?rest_route=\/wp\/v2\/pages"}],"about":[{"href":"https:\/\/andaluciab1.grupopiquer.com\/andalucia\/index.php?rest_route=\/wp\/v2\/types\/page"}],"author":[{"embeddable":true,"href":"https:\/\/andaluciab1.grupopiquer.com\/andalucia\/index.php?rest_route=\/wp\/v2\/users\/1"}],"replies":[{"embeddable":true,"href":"https:\/\/andaluciab1.grupopiquer.com\/andalucia\/index.php?rest_route=%2Fwp%2Fv2%2Fcomments&post=394"}],"version-history":[{"count":25,"href":"https:\/\/andaluciab1.grupopiquer.com\/andalucia\/index.php?rest_route=\/wp\/v2\/pages\/394\/revisions"}],"predecessor-version":[{"id":445,"href":"https:\/\/andaluciab1.grupopiquer.com\/andalucia\/index.php?rest_route=\/wp\/v2\/pages\/394\/revisions\/445"}],"wp:attachment":[{"href":"https:\/\/andaluciab1.grupopiquer.com\/andalucia\/index.php?rest_route=%2Fwp%2Fv2%2Fmedia&parent=394"}],"curies":[{"name":"wp","href":"https:\/\/api.w.org\/{rel}","templated":true}]}}